{"id":12,"date":"2021-03-24T09:18:43","date_gmt":"2021-03-24T08:18:43","guid":{"rendered":"https:\/\/rudson-camping.fr\/?page_id=12"},"modified":"2025-04-01T10:06:00","modified_gmt":"2025-04-01T08:06:00","slug":"actualite","status":"publish","type":"page","link":"https:\/\/rudson-camping.fr\/index.php\/actualite\/","title":{"rendered":"Actualit\u00e9"},"content":{"rendered":"\n<p class=\"has-black-color has-text-color has-background\" style=\"background-color:#bff15b\">Vous trouverez ici toutes les derni\u00e8res nouvelles de notre aire de loisirs :<\/p>\n\n\n\n<p><\/p>\n\n\n\n<div class=\"wp-block-columns\">\n<div class=\"wp-block-column has-electric-grass-gradient-background has-background\" style=\"flex-basis:66.66%\"><div class=\"wp-block-themeisle-blocks-posts-grid is-grid wp-block-themeisle-blocks-posts-grid-columns-3 has-shadow\"><div class=\"wp-block-themeisle-blocks-posts-grid-post-blog wp-block-themeisle-blocks-posts-grid-post-plain\"><div class=\"wp-block-themeisle-blocks-posts-grid-post\"><div class=\"wp-block-themeisle-blocks-posts-grid-post-body is-full\"><span class=\"wp-block-themeisle-blocks-posts-grid-post-category\">Non class\u00e9<\/span><h5 class=\"wp-block-themeisle-blocks-posts-grid-post-title\"><a href=\"https:\/\/rudson-camping.fr\/index.php\/2021\/05\/26\/le-rudson-ouvre-ses-portes\/\">Le Rudson ouvre ses portes<\/a><\/h5><p class=\"wp-block-themeisle-blocks-posts-grid-post-meta\">on <time datetime=\"2021-05-26T08:19:40+02:00\">26 mai, 2021<\/time> by admin4793<\/p><p class=\"wp-block-themeisle-blocks-posts-grid-post-description\">Ce sont six emplacements avec vue sur les belles collines du Nord Mayenne. Le calme d\u2019un hameau o\u00f9 la vie d\u2019antan a laiss\u00e9 quelques vestiges, un fournil visitable, un petit mus\u00e9e, un pressoir \u00e0 pommes\u2026<\/p><\/div><\/div><\/div><div class=\"wp-block-themeisle-blocks-posts-grid-post-blog wp-block-themeisle-blocks-posts-grid-post-plain\"><div class=\"wp-block-themeisle-blocks-posts-grid-post\"><div class=\"wp-block-themeisle-blocks-posts-grid-post-body is-full\"><span class=\"wp-block-themeisle-blocks-posts-grid-post-category\">actualit\u00e9 du camping<\/span><h5 class=\"wp-block-themeisle-blocks-posts-grid-post-title\"><a href=\"https:\/\/rudson-camping.fr\/index.php\/2021\/05\/26\/le-rudson-notre-projet\/\">Le Rudson : notre projet<\/a><\/h5><p class=\"wp-block-themeisle-blocks-posts-grid-post-meta\">on <time datetime=\"2021-05-26T08:18:16+02:00\">26 mai, 2021<\/time> by admin4793<\/p><p class=\"wp-block-themeisle-blocks-posts-grid-post-description\">Am\u00e9lie et Isma\u00ebl vous accueillent dans une ancienne ferme r\u00e9habilit\u00e9e au hameau \u00ab&nbsp;Le Rudson&nbsp;\u00bb, la Baroche-Gondouin, sur la commune de Lassay-les-Ch\u00e2teaux. Entre ciel et terre vous offre des \u2026<\/p><\/div><\/div><\/div><\/div>\n\n\n<div class=\"wp-block-image\"><figure class=\"aligncenter size-large\"><img loading=\"lazy\" width=\"1024\" height=\"482\" src=\"https:\/\/rudson-camping.fr\/wp-content\/uploads\/2021\/08\/31-07-2021-camping-Jolie-1024x482.jpg\" alt=\"\" class=\"wp-image-319\" srcset=\"https:\/\/rudson-camping.fr\/wp-content\/uploads\/2021\/08\/31-07-2021-camping-Jolie-1024x482.jpg 1024w, https:\/\/rudson-camping.fr\/wp-content\/uploads\/2021\/08\/31-07-2021-camping-Jolie-300x141.jpg 300w, https:\/\/rudson-camping.fr\/wp-content\/uploads\/2021\/08\/31-07-2021-camping-Jolie-768x361.jpg 768w, https:\/\/rudson-camping.fr\/wp-content\/uploads\/2021\/08\/31-07-2021-camping-Jolie-1536x723.jpg 1536w, https:\/\/rudson-camping.fr\/wp-content\/uploads\/2021\/08\/31-07-2021-camping-Jolie.jpg 1910w\" sizes=\"(max-width: 1024px) 100vw, 1024px\" \/><\/figure><\/div>\n\n\n\n<div class=\"wp-block-image is-style-rounded\"><figure class=\"aligncenter size-large is-resized\"><img loading=\"lazy\" src=\"https:\/\/rudson-camping.fr\/wp-content\/uploads\/2021\/08\/IMG_20210730_205901-1024x766.jpg\" alt=\"\" class=\"wp-image-321\" width=\"414\" height=\"308\" srcset=\"https:\/\/rudson-camping.fr\/wp-content\/uploads\/2021\/08\/IMG_20210730_205901-300x224.jpg 300w, https:\/\/rudson-camping.fr\/wp-content\/uploads\/2021\/08\/IMG_20210730_205901-768x574.jpg 768w\" sizes=\"(max-width: 414px) 100vw, 414px\" \/><\/figure><\/div>\n\n\n\n<p class=\"has-text-align-center\"><strong>&nbsp;<\/strong><\/p>\n\n\n\n<p> &nbsp; &nbsp; &nbsp; &nbsp; &nbsp; <\/p>\n\n\n\n<p><\/p>\n\n\n\n<p>  Sanitaire: WC, douche, lavabo, \u00e9vier. Nombreux abris et coins repas. <\/p>\n\n\n\n<p><\/p>\n\n\n\n<p><\/p>\n\n\n\n<figure class=\"wp-block-image size-large\"><img loading=\"lazy\" width=\"1024\" height=\"1024\" src=\"https:\/\/rudson-camping.fr\/wp-content\/uploads\/2022\/06\/Sanitaire-6-1024x1024.jpg\" alt=\"\" class=\"wp-image-486\" srcset=\"https:\/\/rudson-camping.fr\/wp-content\/uploads\/2022\/06\/Sanitaire-6-1024x1024.jpg 1024w, https:\/\/rudson-camping.fr\/wp-content\/uploads\/2022\/06\/Sanitaire-6-300x300.jpg 300w, https:\/\/rudson-camping.fr\/wp-content\/uploads\/2022\/06\/Sanitaire-6-150x150.jpg 150w, https:\/\/rudson-camping.fr\/wp-content\/uploads\/2022\/06\/Sanitaire-6-768x768.jpg 768w, https:\/\/rudson-camping.fr\/wp-content\/uploads\/2022\/06\/Sanitaire-6-1536x1536.jpg 1536w, https:\/\/rudson-camping.fr\/wp-content\/uploads\/2022\/06\/Sanitaire-6-2048x2048.jpg 2048w\" sizes=\"(max-width: 1024px) 100vw, 1024px\" \/><\/figure>\n\n\n\n<p><\/p>\n\n\n\n<p><\/p>\n\n\n\n<p>   <\/p>\n\n\n\n<p><\/p>\n\n\n\n<p><\/p>\n<\/div>\n\n\n\n<div class=\"wp-block-column has-electric-grass-gradient-background has-background\" style=\"flex-basis:33.33%\">\n<div class=\"wp-block-columns\">\n<div class=\"wp-block-column\" style=\"flex-basis:100%\"><div class=\"wp-block-calendar\"><table id=\"wp-calendar\" class=\"wp-calendar-table\">\n\t<caption>avril 2026<\/caption>\n\t<thead>\n\t<tr>\n\t\t<th scope=\"col\" title=\"lundi\">L<\/th>\n\t\t<th scope=\"col\" title=\"mardi\">M<\/th>\n\t\t<th scope=\"col\" title=\"mercredi\">M<\/th>\n\t\t<th scope=\"col\" title=\"jeudi\">J<\/th>\n\t\t<th scope=\"col\" title=\"vendredi\">V<\/th>\n\t\t<th scope=\"col\" title=\"samedi\">S<\/th>\n\t\t<th scope=\"col\" title=\"dimanche\">D<\/th>\n\t<\/tr>\n\t<\/thead>\n\t<tbody>\n\t<tr>\n\t\t<td colspan=\"2\" class=\"pad\">&nbsp;<\/td><td>1<\/td><td>2<\/td><td>3<\/td><td>4<\/td><td>5<\/td>\n\t<\/tr>\n\t<tr>\n\t\t<td>6<\/td><td>7<\/td><td>8<\/td><td>9<\/td><td>10<\/td><td>11<\/td><td>12<\/td>\n\t<\/tr>\n\t<tr>\n\t\t<td>13<\/td><td>14<\/td><td id=\"today\">15<\/td><td>16<\/td><td>17<\/td><td>18<\/td><td>19<\/td>\n\t<\/tr>\n\t<tr>\n\t\t<td>20<\/td><td>21<\/td><td>22<\/td><td>23<\/td><td>24<\/td><td>25<\/td><td>26<\/td>\n\t<\/tr>\n\t<tr>\n\t\t<td>27<\/td><td>28<\/td><td>29<\/td><td>30<\/td>\n\t\t<td class=\"pad\" colspan=\"3\">&nbsp;<\/td>\n\t<\/tr>\n\t<\/tbody>\n\t<\/table><nav aria-label=\"Mois pr\u00e9c\u00e9dents et suivants\" class=\"wp-calendar-nav\">\n\t\t<span class=\"wp-calendar-nav-prev\"><a href=\"https:\/\/rudson-camping.fr\/index.php\/2021\/05\/\">&laquo; Mai<\/a><\/span>\n\t\t<span class=\"pad\">&nbsp;<\/span>\n\t\t<span class=\"wp-calendar-nav-next\">&nbsp;<\/span>\n\t<\/nav><\/div>\n\n\n<p> <\/p>\n\n\n\n<figure class=\"wp-block-image size-large\"><img loading=\"lazy\" width=\"724\" height=\"1024\" src=\"https:\/\/rudson-camping.fr\/wp-content\/uploads\/2025\/04\/boomrang-724x1024.jpg\" alt=\"\" class=\"wp-image-605\" srcset=\"https:\/\/rudson-camping.fr\/wp-content\/uploads\/2025\/04\/boomrang-724x1024.jpg 724w, https:\/\/rudson-camping.fr\/wp-content\/uploads\/2025\/04\/boomrang-212x300.jpg 212w, https:\/\/rudson-camping.fr\/wp-content\/uploads\/2025\/04\/boomrang-768x1087.jpg 768w, https:\/\/rudson-camping.fr\/wp-content\/uploads\/2025\/04\/boomrang.jpg 1080w\" sizes=\"(max-width: 724px) 100vw, 724px\" \/><figcaption>              <strong>Venez d\u00e9couvrir<\/strong><br> Tournoi national de lancer de Boomerang. <br>                  <strong>Entr\u00e9e libre.                                       <\/strong><\/figcaption><\/figure>\n\n\n\n<p><\/p>\n\n\n\n<p><\/p>\n\n\n\n<p> <\/p>\n\n\n\n<p><\/p>\n<\/div>\n<\/div>\n\n\n\n<p>Une activit\u00e9 <strong>ULM (petit avion ultra l\u00e9ger motoris\u00e9)<\/strong> vous est propos\u00e9e sur le site.&nbsp;<\/p>\n\n\n\n<p>Bapt\u00eame: 60 euros (20mn).<\/p>\n\n\n\n<p>Initiation au pilotage: 115 les 45 mn<\/p>\n\n\n\n<p>&nbsp;&nbsp;&nbsp;&nbsp;&nbsp;&nbsp;&nbsp;&nbsp;&nbsp;&nbsp;&nbsp;&nbsp;&nbsp;&nbsp;&nbsp;&nbsp;&nbsp;&nbsp;&nbsp;&nbsp;&nbsp;&nbsp;&nbsp;&nbsp;&nbsp;&nbsp;&nbsp;&nbsp;&nbsp;<\/p>\n\n\n\n<figure class=\"wp-block-image size-large\"><img loading=\"lazy\" width=\"1024\" height=\"768\" src=\"https:\/\/rudson-camping.fr\/wp-content\/uploads\/2023\/07\/IMG_20230717_211434-1024x768.jpg\" alt=\"\" class=\"wp-image-584\" srcset=\"https:\/\/rudson-camping.fr\/wp-content\/uploads\/2023\/07\/IMG_20230717_211434-1024x768.jpg 1024w, https:\/\/rudson-camping.fr\/wp-content\/uploads\/2023\/07\/IMG_20230717_211434-300x225.jpg 300w, https:\/\/rudson-camping.fr\/wp-content\/uploads\/2023\/07\/IMG_20230717_211434-768x576.jpg 768w, https:\/\/rudson-camping.fr\/wp-content\/uploads\/2023\/07\/IMG_20230717_211434.jpg 1199w\" sizes=\"(max-width: 1024px) 100vw, 1024px\" \/><\/figure>\n\n\n\n<figure class=\"wp-block-image size-large\"><img loading=\"lazy\" width=\"1024\" height=\"766\" src=\"https:\/\/rudson-camping.fr\/wp-content\/uploads\/2021\/08\/IMG_20210731_134519-1024x766.jpg\" alt=\"\" class=\"wp-image-327\" srcset=\"https:\/\/rudson-camping.fr\/wp-content\/uploads\/2021\/08\/IMG_20210731_134519-1024x766.jpg 1024w, https:\/\/rudson-camping.fr\/wp-content\/uploads\/2021\/08\/IMG_20210731_134519-300x224.jpg 300w, https:\/\/rudson-camping.fr\/wp-content\/uploads\/2021\/08\/IMG_20210731_134519-768x574.jpg 768w, https:\/\/rudson-camping.fr\/wp-content\/uploads\/2021\/08\/IMG_20210731_134519-1536x1149.jpg 1536w, https:\/\/rudson-camping.fr\/wp-content\/uploads\/2021\/08\/IMG_20210731_134519-2048x1532.jpg 2048w\" sizes=\"(max-width: 1024px) 100vw, 1024px\" \/><\/figure>\n\n\n\n<figure class=\"wp-block-image size-full\"><img loading=\"lazy\" width=\"967\" height=\"645\" src=\"https:\/\/rudson-camping.fr\/wp-content\/uploads\/2023\/05\/DSC01215-1.jpg\" alt=\"\" class=\"wp-image-550\" srcset=\"https:\/\/rudson-camping.fr\/wp-content\/uploads\/2023\/05\/DSC01215-1.jpg 967w, https:\/\/rudson-camping.fr\/wp-content\/uploads\/2023\/05\/DSC01215-1-300x200.jpg 300w, https:\/\/rudson-camping.fr\/wp-content\/uploads\/2023\/05\/DSC01215-1-768x512.jpg 768w, https:\/\/rudson-camping.fr\/wp-content\/uploads\/2023\/05\/DSC01215-1-360x240.jpg 360w\" sizes=\"(max-width: 967px) 100vw, 967px\" \/><\/figure>\n\n\n\n<figure class=\"wp-block-image size-full\"><img loading=\"lazy\" width=\"967\" height=\"645\" src=\"https:\/\/rudson-camping.fr\/wp-content\/uploads\/2023\/05\/bagnole.jpg\" alt=\"\" class=\"wp-image-553\" srcset=\"https:\/\/rudson-camping.fr\/wp-content\/uploads\/2023\/05\/bagnole.jpg 967w, https:\/\/rudson-camping.fr\/wp-content\/uploads\/2023\/05\/bagnole-300x200.jpg 300w, https:\/\/rudson-camping.fr\/wp-content\/uploads\/2023\/05\/bagnole-768x512.jpg 768w, https:\/\/rudson-camping.fr\/wp-content\/uploads\/2023\/05\/bagnole-360x240.jpg 360w\" sizes=\"(max-width: 967px) 100vw, 967px\" \/><\/figure>\n\n\n\n<figure class=\"wp-block-image size-full\"><img loading=\"lazy\" width=\"967\" height=\"725\" src=\"https:\/\/rudson-camping.fr\/wp-content\/uploads\/2023\/05\/IMG_20230416_123713.jpg\" alt=\"\" class=\"wp-image-554\" srcset=\"https:\/\/rudson-camping.fr\/wp-content\/uploads\/2023\/05\/IMG_20230416_123713.jpg 967w, https:\/\/rudson-camping.fr\/wp-content\/uploads\/2023\/05\/IMG_20230416_123713-300x225.jpg 300w, https:\/\/rudson-camping.fr\/wp-content\/uploads\/2023\/05\/IMG_20230416_123713-768x576.jpg 768w\" sizes=\"(max-width: 967px) 100vw, 967px\" \/><\/figure>\n\n\n\n<figure class=\"wp-block-image size-large\"><img loading=\"lazy\" width=\"1024\" height=\"768\" src=\"https:\/\/rudson-camping.fr\/wp-content\/uploads\/2023\/07\/IMG_20230710_111509-1024x768.jpg\" alt=\"\" class=\"wp-image-587\" srcset=\"https:\/\/rudson-camping.fr\/wp-content\/uploads\/2023\/07\/IMG_20230710_111509-1024x768.jpg 1024w, https:\/\/rudson-camping.fr\/wp-content\/uploads\/2023\/07\/IMG_20230710_111509-300x225.jpg 300w, https:\/\/rudson-camping.fr\/wp-content\/uploads\/2023\/07\/IMG_20230710_111509-768x576.jpg 768w, https:\/\/rudson-camping.fr\/wp-content\/uploads\/2023\/07\/IMG_20230710_111509.jpg 1199w\" sizes=\"(max-width: 1024px) 100vw, 1024px\" \/><\/figure>\n<\/div>\n<\/div>\n","protected":false},"excerpt":{"rendered":"<p>Vous trouverez ici toutes les derni\u00e8res nouvelles de notre aire de loisirs : &nbsp; &nbsp; &nbsp; &nbsp; &nbsp; &nbsp; Sanitaire: WC, douche, lavabo, \u00e9vier. Nombreux abris et coins repas. Une activit\u00e9 ULM (petit avion ultra l\u00e9ger motoris\u00e9) vous est propos\u00e9e sur le site.&nbsp; Bapt\u00eame: 60 euros (20mn). Initiation au pilotage: [&hellip;]<\/p>\n","protected":false},"author":1,"featured_media":0,"parent":0,"menu_order":0,"comment_status":"closed","ping_status":"closed","template":"","meta":[],"yoast_head":"<!-- This site is optimized with the Yoast SEO plugin v16.9 - https:\/\/yoast.com\/wordpress\/plugins\/seo\/ -->\n<title>Actualit\u00e9 - Le Rudson<\/title>\n<meta name=\"robots\" content=\"index, follow, max-snippet:-1, max-image-preview:large, max-video-preview:-1\" \/>\n<link rel=\"canonical\" href=\"https:\/\/rudson-camping.fr\/index.php\/actualite\/\" \/>\n<meta property=\"og:locale\" content=\"fr_FR\" \/>\n<meta property=\"og:type\" content=\"article\" \/>\n<meta property=\"og:title\" content=\"Actualit\u00e9 - Le Rudson\" \/>\n<meta property=\"og:description\" content=\"Vous trouverez ici toutes les derni\u00e8res nouvelles de notre aire de loisirs : &nbsp; &nbsp; &nbsp; &nbsp; &nbsp; &nbsp; Sanitaire: WC, douche, lavabo, \u00e9vier. Nombreux abris et coins repas. Une activit\u00e9 ULM (petit avion ultra l\u00e9ger motoris\u00e9) vous est propos\u00e9e sur le site.&nbsp; Bapt\u00eame: 60 euros (20mn). Initiation au pilotage: [&hellip;]\" \/>\n<meta property=\"og:url\" content=\"https:\/\/rudson-camping.fr\/index.php\/actualite\/\" \/>\n<meta property=\"og:site_name\" content=\"Le Rudson\" \/>\n<meta property=\"article:publisher\" content=\"https:\/\/www.facebook.com\/ismaelgalmardinstructiontroisaxes\/\" \/>\n<meta property=\"article:modified_time\" content=\"2025-04-01T08:06:00+00:00\" \/>\n<meta property=\"og:image\" content=\"https:\/\/rudson-camping.fr\/wp-content\/uploads\/2021\/08\/31-07-2021-camping-Jolie-1024x482.jpg\" \/>\n<meta name=\"twitter:card\" content=\"summary_large_image\" \/>\n<meta name=\"twitter:label1\" content=\"Dur\u00e9e de lecture est.\" \/>\n\t<meta name=\"twitter:data1\" content=\"3 minutes\" \/>\n<script type=\"application\/ld+json\" class=\"yoast-schema-graph\">{\"@context\":\"https:\/\/schema.org\",\"@graph\":[{\"@type\":\"Organization\",\"@id\":\"https:\/\/rudson-camping.fr\/#organization\",\"name\":\"Entre ciel et terre, Le Rudson\",\"url\":\"https:\/\/rudson-camping.fr\/\",\"sameAs\":[\"https:\/\/www.facebook.com\/ismaelgalmardinstructiontroisaxes\/\"],\"logo\":{\"@type\":\"ImageObject\",\"@id\":\"https:\/\/rudson-camping.fr\/#logo\",\"inLanguage\":\"fr-FR\",\"url\":\"https:\/\/rudson-camping.fr\/wp-content\/uploads\/2021\/03\/01rudsite_01W_tb.png\",\"contentUrl\":\"https:\/\/rudson-camping.fr\/wp-content\/uploads\/2021\/03\/01rudsite_01W_tb.png\",\"width\":645,\"height\":200,\"caption\":\"Entre ciel et terre, Le Rudson\"},\"image\":{\"@id\":\"https:\/\/rudson-camping.fr\/#logo\"}},{\"@type\":\"WebSite\",\"@id\":\"https:\/\/rudson-camping.fr\/#website\",\"url\":\"https:\/\/rudson-camping.fr\/\",\"name\":\"Le Rudson\",\"description\":\"Entre ciel et terre\",\"publisher\":{\"@id\":\"https:\/\/rudson-camping.fr\/#organization\"},\"potentialAction\":[{\"@type\":\"SearchAction\",\"target\":{\"@type\":\"EntryPoint\",\"urlTemplate\":\"https:\/\/rudson-camping.fr\/?s={search_term_string}\"},\"query-input\":\"required name=search_term_string\"}],\"inLanguage\":\"fr-FR\"},{\"@type\":\"ImageObject\",\"@id\":\"https:\/\/rudson-camping.fr\/index.php\/actualite\/#primaryimage\",\"inLanguage\":\"fr-FR\",\"url\":\"https:\/\/rudson-camping.fr\/wp-content\/uploads\/2021\/08\/31-07-2021-camping-Jolie.jpg\",\"contentUrl\":\"https:\/\/rudson-camping.fr\/wp-content\/uploads\/2021\/08\/31-07-2021-camping-Jolie.jpg\",\"width\":1910,\"height\":899},{\"@type\":\"WebPage\",\"@id\":\"https:\/\/rudson-camping.fr\/index.php\/actualite\/#webpage\",\"url\":\"https:\/\/rudson-camping.fr\/index.php\/actualite\/\",\"name\":\"Actualit\\u00e9 - Le Rudson\",\"isPartOf\":{\"@id\":\"https:\/\/rudson-camping.fr\/#website\"},\"primaryImageOfPage\":{\"@id\":\"https:\/\/rudson-camping.fr\/index.php\/actualite\/#primaryimage\"},\"datePublished\":\"2021-03-24T08:18:43+00:00\",\"dateModified\":\"2025-04-01T08:06:00+00:00\",\"breadcrumb\":{\"@id\":\"https:\/\/rudson-camping.fr\/index.php\/actualite\/#breadcrumb\"},\"inLanguage\":\"fr-FR\",\"potentialAction\":[{\"@type\":\"ReadAction\",\"target\":[\"https:\/\/rudson-camping.fr\/index.php\/actualite\/\"]}]},{\"@type\":\"BreadcrumbList\",\"@id\":\"https:\/\/rudson-camping.fr\/index.php\/actualite\/#breadcrumb\",\"itemListElement\":[{\"@type\":\"ListItem\",\"position\":1,\"name\":\"Accueil\",\"item\":\"https:\/\/rudson-camping.fr\/\"},{\"@type\":\"ListItem\",\"position\":2,\"name\":\"Actualit\\u00e9\"}]}]}<\/script>\n<!-- \/ Yoast SEO plugin. -->","yoast_head_json":{"title":"Actualit\u00e9 - Le Rudson","robots":{"index":"index","follow":"follow","max-snippet":"max-snippet:-1","max-image-preview":"max-image-preview:large","max-video-preview":"max-video-preview:-1"},"canonical":"https:\/\/rudson-camping.fr\/index.php\/actualite\/","og_locale":"fr_FR","og_type":"article","og_title":"Actualit\u00e9 - Le Rudson","og_description":"Vous trouverez ici toutes les derni\u00e8res nouvelles de notre aire de loisirs : &nbsp; &nbsp; &nbsp; &nbsp; &nbsp; &nbsp; Sanitaire: WC, douche, lavabo, \u00e9vier. Nombreux abris et coins repas. Une activit\u00e9 ULM (petit avion ultra l\u00e9ger motoris\u00e9) vous est propos\u00e9e sur le site.&nbsp; Bapt\u00eame: 60 euros (20mn). Initiation au pilotage: [&hellip;]","og_url":"https:\/\/rudson-camping.fr\/index.php\/actualite\/","og_site_name":"Le Rudson","article_publisher":"https:\/\/www.facebook.com\/ismaelgalmardinstructiontroisaxes\/","article_modified_time":"2025-04-01T08:06:00+00:00","og_image":[{"url":"https:\/\/rudson-camping.fr\/wp-content\/uploads\/2021\/08\/31-07-2021-camping-Jolie-1024x482.jpg"}],"twitter_card":"summary_large_image","twitter_misc":{"Dur\u00e9e de lecture est.":"3 minutes"},"schema":{"@context":"https:\/\/schema.org","@graph":[{"@type":"Organization","@id":"https:\/\/rudson-camping.fr\/#organization","name":"Entre ciel et terre, Le Rudson","url":"https:\/\/rudson-camping.fr\/","sameAs":["https:\/\/www.facebook.com\/ismaelgalmardinstructiontroisaxes\/"],"logo":{"@type":"ImageObject","@id":"https:\/\/rudson-camping.fr\/#logo","inLanguage":"fr-FR","url":"https:\/\/rudson-camping.fr\/wp-content\/uploads\/2021\/03\/01rudsite_01W_tb.png","contentUrl":"https:\/\/rudson-camping.fr\/wp-content\/uploads\/2021\/03\/01rudsite_01W_tb.png","width":645,"height":200,"caption":"Entre ciel et terre, Le Rudson"},"image":{"@id":"https:\/\/rudson-camping.fr\/#logo"}},{"@type":"WebSite","@id":"https:\/\/rudson-camping.fr\/#website","url":"https:\/\/rudson-camping.fr\/","name":"Le Rudson","description":"Entre ciel et terre","publisher":{"@id":"https:\/\/rudson-camping.fr\/#organization"},"potentialAction":[{"@type":"SearchAction","target":{"@type":"EntryPoint","urlTemplate":"https:\/\/rudson-camping.fr\/?s={search_term_string}"},"query-input":"required name=search_term_string"}],"inLanguage":"fr-FR"},{"@type":"ImageObject","@id":"https:\/\/rudson-camping.fr\/index.php\/actualite\/#primaryimage","inLanguage":"fr-FR","url":"https:\/\/rudson-camping.fr\/wp-content\/uploads\/2021\/08\/31-07-2021-camping-Jolie.jpg","contentUrl":"https:\/\/rudson-camping.fr\/wp-content\/uploads\/2021\/08\/31-07-2021-camping-Jolie.jpg","width":1910,"height":899},{"@type":"WebPage","@id":"https:\/\/rudson-camping.fr\/index.php\/actualite\/#webpage","url":"https:\/\/rudson-camping.fr\/index.php\/actualite\/","name":"Actualit\u00e9 - Le Rudson","isPartOf":{"@id":"https:\/\/rudson-camping.fr\/#website"},"primaryImageOfPage":{"@id":"https:\/\/rudson-camping.fr\/index.php\/actualite\/#primaryimage"},"datePublished":"2021-03-24T08:18:43+00:00","dateModified":"2025-04-01T08:06:00+00:00","breadcrumb":{"@id":"https:\/\/rudson-camping.fr\/index.php\/actualite\/#breadcrumb"},"inLanguage":"fr-FR","potentialAction":[{"@type":"ReadAction","target":["https:\/\/rudson-camping.fr\/index.php\/actualite\/"]}]},{"@type":"BreadcrumbList","@id":"https:\/\/rudson-camping.fr\/index.php\/actualite\/#breadcrumb","itemListElement":[{"@type":"ListItem","position":1,"name":"Accueil","item":"https:\/\/rudson-camping.fr\/"},{"@type":"ListItem","position":2,"name":"Actualit\u00e9"}]}]}},"_links":{"self":[{"href":"https:\/\/rudson-camping.fr\/index.php\/wp-json\/wp\/v2\/pages\/12"}],"collection":[{"href":"https:\/\/rudson-camping.fr\/index.php\/wp-json\/wp\/v2\/pages"}],"about":[{"href":"https:\/\/rudson-camping.fr\/index.php\/wp-json\/wp\/v2\/types\/page"}],"author":[{"embeddable":true,"href":"https:\/\/rudson-camping.fr\/index.php\/wp-json\/wp\/v2\/users\/1"}],"replies":[{"embeddable":true,"href":"https:\/\/rudson-camping.fr\/index.php\/wp-json\/wp\/v2\/comments?post=12"}],"version-history":[{"count":52,"href":"https:\/\/rudson-camping.fr\/index.php\/wp-json\/wp\/v2\/pages\/12\/revisions"}],"predecessor-version":[{"id":606,"href":"https:\/\/rudson-camping.fr\/index.php\/wp-json\/wp\/v2\/pages\/12\/revisions\/606"}],"wp:attachment":[{"href":"https:\/\/rudson-camping.fr\/index.php\/wp-json\/wp\/v2\/media?parent=12"}],"curies":[{"name":"wp","href":"https:\/\/api.w.org\/{rel}","templated":true}]}}